{"id":2152,"date":"2021-04-24T14:43:55","date_gmt":"2021-04-24T12:43:55","guid":{"rendered":"https:\/\/klunker-ip.com\/?page_id=2152"},"modified":"2021-06-24T10:48:46","modified_gmt":"2021-06-24T08:48:46","slug":"home","status":"publish","type":"page","link":"https:\/\/klunker-ip.com\/de\/","title":{"rendered":"HOME"},"content":{"rendered":"<p><strong>KLUNKER IP<\/strong>, eine professionelle Partnerschaft von engagierten europ\u00e4ischen und deutschen Patentanw\u00e4lten, die ihre Wurzeln in den fr\u00fchen 1980er Jahren hat und von <a href=\"https:\/\/klunker-ip.com\/de\/kontakt-standorte\">M\u00fcnchen und Shanghai<\/a> aus ihre weltweiten Mandanten hervorragend ber\u00e4t, sei es in gro\u00dfen Unternehmen, Forschungseinrichtungen, KMUs oder Unternehmern.<\/p>\n<p><strong>UNSERE VISION VON IP<\/strong> ist gepr\u00e4gt von den beiden weltber\u00fchmten Wahrzeichen, die von unserer M\u00fcnchner Zentrale aus zu sehen sind: Das ikonische Olympiastadion der Spiele von 1972 und das atemberaubende Alpenpanorama &#8211; ersteres erinnert uns an Wettbewerb, Begeisterung und Fairness, w\u00e4hrend letzteres vermittelt, Herausforderungen mit Respekt anzunehmen und mit Entschlossenheit Spitzenleistungen zu erbringen.<\/p>\n<p>&nbsp;<\/p>\n<p><strong>SERVICE <\/strong>&#8211; Da sich unsere Hauptt\u00e4tigkeit auf europ\u00e4ische Patentangelegenheiten bezieht, unterst\u00fctzen wir unsere Mandanten bei der Verfolgung, Durchsetzung und Widerlegung jeglicher Art von geistigen Eigentumsrechten oder Anspr\u00fcchen. In dieser Eigenschaft verfolgen wir eine ganzheitliche Perspektive, um eine fundierte Rechtsberatung zu bieten, die von strategischem Denken und wirtschaftlicher Vernunft geleitet wird und sich zu einer einzigartigen <a href=\"https:\/\/klunker-ip.com\/de\/kompetenzen\">Dienstleistungserfahrung<\/a> zusammenf\u00fcgt.<\/p>\n<p><strong>SKILLS<\/strong>&#8211; Das umfassende Fachwissen, die Erfahrung und die Klarheit unserer <a href=\"https:\/\/klunker-ip.com\/de\/unser-team\">Anw\u00e4lte<\/a> aus nicht weniger als sieben Jurisdiktionen und ebenso vielen kulturellen Hintergr\u00fcnden wird von unseren Mandanten ebenso gesch\u00e4tzt wie unsere <a href=\"https:\/\/klunker-ip.com\/de\/kompetenzen\/#part2\">fachlichen Kernkompetenzen<\/a>, sowohl in technischer als auch in juristischer Hinsicht. Sie ist das Fundament unserer Erfolge zum Wohle unserer Mandanten und der Grund f\u00fcr die stabilen, vertrauensvollen Mandantenbeziehungen, f\u00fcr die wir so dankbar sind.<\/p>\n<p><strong>SPIRIT <\/strong>&#8211; All das wird mit professioneller Einstellung, gr\u00f6\u00dfter Sorgfalt, Engagement und Leidenschaft geliefert. Die konkreten Bed\u00fcrfnisse unserer Kunden leiten unsere t\u00e4gliche Arbeit im Sinne geistiger Exzellenz und wirtschaftlichen Fortschritts.<\/p>\n","protected":false},"excerpt":{"rendered":"<p>KLUNKER IP, eine professionelle Partnerschaft von engagierten europ\u00e4ischen und deutschen Patentanw\u00e4lten, die ihre Wurzeln in den fr\u00fchen 1980er Jahren hat und von M\u00fcnchen und Shanghai aus ihre weltweiten Mandanten hervorragend ber\u00e4t, sei es in gro\u00dfen Unternehmen, Forschungseinrichtungen, KMUs oder Unternehmern. UNSERE VISION VON IP ist gepr\u00e4gt von den beiden weltber\u00fchmten [&#8230;] <\/p>\n","protected":false},"author":1,"featured_media":0,"parent":0,"menu_order":0,"comment_status":"closed","ping_status":"closed","template":"","meta":{"_acf_changed":false,"footnotes":""},"acf":[],"_links":{"self":[{"href":"https:\/\/klunker-ip.com\/de\/wp-json\/wp\/v2\/pages\/2152"}],"collection":[{"href":"https:\/\/klunker-ip.com\/de\/wp-json\/wp\/v2\/pages"}],"about":[{"href":"https:\/\/klunker-ip.com\/de\/wp-json\/wp\/v2\/types\/page"}],"author":[{"embeddable":true,"href":"https:\/\/klunker-ip.com\/de\/wp-json\/wp\/v2\/users\/1"}],"replies":[{"embeddable":true,"href":"https:\/\/klunker-ip.com\/de\/wp-json\/wp\/v2\/comments?post=2152"}],"version-history":[{"count":10,"href":"https:\/\/klunker-ip.com\/de\/wp-json\/wp\/v2\/pages\/2152\/revisions"}],"predecessor-version":[{"id":2437,"href":"https:\/\/klunker-ip.com\/de\/wp-json\/wp\/v2\/pages\/2152\/revisions\/2437"}],"wp:attachment":[{"href":"https:\/\/klunker-ip.com\/de\/wp-json\/wp\/v2\/media?parent=2152"}],"curies":[{"name":"wp","href":"https:\/\/api.w.org\/{rel}","templated":true}]}}