{"id":2145,"date":"2021-04-23T16:19:52","date_gmt":"2021-04-23T14:19:52","guid":{"rendered":"https:\/\/klunker-ip.com\/?page_id=2145"},"modified":"2021-06-24T11:05:12","modified_gmt":"2021-06-24T09:05:12","slug":"kompetenzen","status":"publish","type":"page","link":"https:\/\/klunker-ip.com\/de\/kompetenzen\/","title":{"rendered":"KOMPETENZEN"},"content":{"rendered":"<p><strong>Unsere Mitarbeiter machen den Unterschied. <\/strong>Die treibende Kraft hinter dem, was wir f\u00fcr unsere Mandanten erreichen, sind die fachlichen F\u00e4higkeiten und die weitreichende Erfahrung unserer Anw\u00e4lte im IP und dar\u00fcber hinaus.<\/p>\n<p><strong>Und wir lieben, was wir tun. <\/strong>Denn Ihr Erfolg ist unser Ziel und Ihre Treue unsere gr\u00f6\u00dfte Belohnung. Deshalb l\u00e4sst sich unser Leitsatz so pr\u00e4gnant zusammenfassen mit <strong><a style=\"text-decoration: none;\" href=\"https:\/\/klunker-ip.com\/de\/#part2\">service \u2022 skills \u2022 spirit<\/a><\/strong>, da wir eine Beratung bieten, die auf Wissen und Leidenschaft basiert. Wenn Sie also mit uns arbeiten, k\u00f6nnen Sie einen einzigartigen Service erwarten, der Folgendes umfasst<\/p>\n<ul class=\"liste listeCommunications\">\n<li>zwanzig <span style=\"color: #d11d1d;\"><a style=\"color: #d11d1d;\" href=\"https:\/\/klunker-ip.com\/de\/unser-team\"><span style=\"color: #be1521;\">Anw\u00e4lte<\/span><\/a><\/span> und qualifizierte Praktiker aus sieben IP-Jurisdiktionen,<\/li>\n<li>zusammen mehr als 300 Jahre praktische Erfahrung im IP,<\/li>\n<li>Muttersprachler von sieben Weltsprachen und die jeweilige kulturelle Erfahrung,<\/li>\n<li><span style=\"color: #d11d1d;\"><a style=\"color: #d11d1d;\" href=\"https:\/\/klunker-ip.com\/de\/kompetenzen\/#part2\"><span style=\"color: #be1521;\">fundierte Kenntnisse<\/span><\/a><\/span> in allen relevanten Aspekten des Berufs, sei es rechtlich oder technisch,<\/li>\n<li>fundierte Kenntnisse und langj\u00e4hrige Erfahrung in Forschung, Wissenschaft und Technik,<\/li>\n<li>tiefes Verst\u00e4ndnis von Gesetzen und Rechtsprinzipien einschlie\u00dflich des neuen UPC-Systems<\/li>\n<li>unsere <a style=\"color: #d11d1d;\" href=\"https:\/\/klunker-ip.com\/de\/kontakt-standorte\/#part3\">Niederlassung in Shanghai<\/a> und <a style=\"color: #d11d1d;\" href=\"https:\/\/klunker-ip.com\/de\/attorney\/zhigang-xie\/\"><span style=\"color: #be1521;\">China Abteilung<\/span><\/a> mit vier qualifizierten Muttersprachlern,<\/li>\n<li>unser <span style=\"color: #d11d1d;\"><a style=\"color: #d11d1d;\" href=\"https:\/\/klunker-ip.com\/de\/attorney\/shino-tanaka\/\"><span style=\"color: #be1521;\">Japanese Desk<\/span><\/a><\/span> mit Unterst\u00fctzung in der Muttersprache und IP-Expertise,<\/li>\n<li>ein Team von Patentanwaltsfachangestellten, das Sie mit Erfahrung und Hingabe unterst\u00fctzt,<\/li>\n<li>eine moderne IT-Infrastruktur, die flexible Arbeitsabl\u00e4ufe im Einklang mit den Bed\u00fcrfnissen des Kunden erm\u00f6glicht,<\/li>\n<li>ein weltweites Netzwerk von handverlesenen Auslandskorrespondenten,<\/li>\n<li>strategisches Denken und ein Engagement, als ob es unser eigenes Verm\u00f6gen w\u00e4re,<\/li>\n<li>L\u00f6sungen, die Chancen und Risiken ausgleichen &#8211; und die funktionieren.<\/li>\n<\/ul>\n","protected":false},"excerpt":{"rendered":"<p>Unsere Mitarbeiter machen den Unterschied. Die treibende Kraft hinter dem, was wir f\u00fcr unsere Mandanten erreichen, sind die fachlichen F\u00e4higkeiten und die weitreichende Erfahrung unserer Anw\u00e4lte im IP und dar\u00fcber hinaus. Und wir lieben, was wir tun. Denn Ihr Erfolg ist unser Ziel und Ihre Treue unsere gr\u00f6\u00dfte Belohnung. Deshalb [&#8230;] <\/p>\n","protected":false},"author":1,"featured_media":0,"parent":0,"menu_order":0,"comment_status":"closed","ping_status":"closed","template":"page-practice.php","meta":{"_acf_changed":false,"footnotes":""},"acf":[],"_links":{"self":[{"href":"https:\/\/klunker-ip.com\/de\/wp-json\/wp\/v2\/pages\/2145"}],"collection":[{"href":"https:\/\/klunker-ip.com\/de\/wp-json\/wp\/v2\/pages"}],"about":[{"href":"https:\/\/klunker-ip.com\/de\/wp-json\/wp\/v2\/types\/page"}],"author":[{"embeddable":true,"href":"https:\/\/klunker-ip.com\/de\/wp-json\/wp\/v2\/users\/1"}],"replies":[{"embeddable":true,"href":"https:\/\/klunker-ip.com\/de\/wp-json\/wp\/v2\/comments?post=2145"}],"version-history":[{"count":8,"href":"https:\/\/klunker-ip.com\/de\/wp-json\/wp\/v2\/pages\/2145\/revisions"}],"predecessor-version":[{"id":2439,"href":"https:\/\/klunker-ip.com\/de\/wp-json\/wp\/v2\/pages\/2145\/revisions\/2439"}],"wp:attachment":[{"href":"https:\/\/klunker-ip.com\/de\/wp-json\/wp\/v2\/media?parent=2145"}],"curies":[{"name":"wp","href":"https:\/\/api.w.org\/{rel}","templated":true}]}}