{"id":2095,"date":"2021-04-01T10:49:22","date_gmt":"2021-04-01T08:49:22","guid":{"rendered":"https:\/\/klunker-ip.com\/?page_id=2095"},"modified":"2026-02-12T13:21:29","modified_gmt":"2026-02-12T12:21:29","slug":"impressum","status":"publish","type":"page","link":"https:\/\/klunker-ip.com\/de\/impressum\/","title":{"rendered":"IMPRESSUM"},"content":{"rendered":"<p><b>NAME DER ANWALTSKANZLEI<\/b><br \/>\nKLUNKER IP Patentanw\u00e4lte PartG mbB<br \/>\nPartnerschaftsgesellschaft mit beschr\u00e4nkter Berufshaftung<\/p>\n<p><b>REGISTER GERICHT<\/b><br \/>\nAmtsgericht M\u00fcnchen, PR 1691 (Landgericht)<\/p>\n<p><b>PARTNER<\/b><br \/>\nDr. rer. nat. Volker Metzler, Dipl.-Inform.<br \/>\nAnna Sophie Bogutzki, Dipl.-Ing.<\/p>\n<p><b>ADRESSE\u00a0<\/b><br \/>\nLessingstr. 11<br \/>\nD-80336 M\u00fcnchen<br \/>\nDeutschland<\/p>\n<p><b>KONTAKT<\/b><br \/>\nTel.: +49 89 2488 279\u00a0 0<br \/>\nFax: +49 89 2488 279\u00a0 99<br \/>\nEmail: <a href=\"mailto:mail@klunker-ip.com\">mail@klunker-ip.com<\/a><br \/>\nPGP: <a href=\"https:\/\/klunker-ip.com\/wp-content\/uploads\/KLUNKER-IP-pgp-key-2019-07.asc\">General Public Key<\/a><\/p>\n<p><b>UST ID-NR<\/b><br \/>\nDE 311 045 766<\/p>\n<p>&nbsp;<\/p>\n<p><u><b>BERUFSBEZEICHNUNGEN<\/b><\/u><\/p>\n<p><b>&#8222;Patentanwalt&#8220;<\/b> ist die Berufsbezeichnung f\u00fcr einen Beruf nach deutschem Recht. Die einschl\u00e4gigen berufsrechtlichen Regelungen sind die &#8222;Patentanwaltsordnung&#8220; und die &#8222;Berufsordnung f\u00fcr Patentanw\u00e4lte&#8220;.<\/p>\n<p>Alle Patentanw\u00e4lte sind Mitglieder der folgenden Anwaltsorganisation:<\/p>\n<p><b>Patenanwaltskammer (K\u00f6rperschaft des \u00f6ffentlichen Rechts)<\/b><br \/>\nTal 29<br \/>\nD-80331 M\u00fcnchen<br \/>\nDeutschland<br \/>\nTel.: +49 [89] 24 22 78 0<br \/>\nFax: +49 [89] 24 22 78 24<br \/>\nWeb: <a href=\"http:\/\/www.patentanwalt.de\">http:\/\/www.patentanwalt.de<\/a><\/p>\n<p>Alle Patentanw\u00e4lte sind auch Mitglieder der Internationalen Vereinigung von Patentanw\u00e4lten (FICPI).<br \/>\nDer FICPI Code of Professional Conduct ist verf\u00fcgbar unter<br \/>\n<a href=\"https:\/\/ficpi.org\/_\/uploads\/files\/Code-of-Professional-Conduct.pdf\">https:\/\/ficpi.org\/_\/uploads\/files\/Code-of-Professional-Conduct.pdf<\/a><\/p>\n<p><b>&#8222;European Patent Attorney&#8220;<\/b> ist die Bezeichnung f\u00fcr Personen, die als zugelassene Vertreter vor dem Europ\u00e4ischen Patentamt (EPA) nach den Bestimmungen des Europ\u00e4ischen Patent\u00fcbereinkommens zugelassen sind, insbesondere gem\u00e4\u00df <a href=\"https:\/\/www.epo.org\/law-practice\/legal-texts\/html\/epc\/2016\/d\/ar134.html\">Art 134 EPC<\/a>. Alle &#8222;European Patent Attorneys&#8220; sind Mitglieder der folgenden Anwaltsorganisation:<\/p>\n<p><b>epi<\/b><br \/>\nBayerstra\u00dfe 83, 80335 M\u00fcnchen, Deutschland<br \/>\nTel.: +49 89 24 20 52-0<br \/>\nFax: +49 89 24 20 52-20<br \/>\nEmail: <a href=\"mailto:info@patentepi.com\">info@patentepi.com<\/a><br \/>\nWeb: <a href=\"http:\/\/www.patentepi.org\/de\">http:\/\/www.patentepi.org<\/a><\/p>\n<p>Der &#8222;epi Code of Professional Conduct&#8220; ist verf\u00fcgbar unter<br \/>\n<a href=\"https:\/\/patentepi.org\/de\/das-institut\/regeln-des-epi.html\">http:\/\/patentepi.org\/de\/das-institut\/regeln-des-epi.html<\/a><\/p>\n<p><b>&#8222;European Trade Mark and Design Attorney&#8220;<\/b> ist die Bezeichnung f\u00fcr Personen, die als zugelassene Vertreter vor dem Amt der Europ\u00e4ischen Union f\u00fcr geistiges Eigentum (EUIPO) in Alicante, Spanien, gem\u00e4\u00df den Bestimmungen der Verordnung (EG) Nr. 40\/94 des Rates vom 20. Dezember 1993 \u00fcber die Gemeinschaftsmarke.<\/p>\n<p>Diese Verordnung, insbesondere Artikel 89, ist verf\u00fcgbar unter<br \/>\n<a href=\"http:\/\/euipo.europa.eu\/en\/mark\/aspects\/reg\/reg4094.htm\">http:\/\/euipo.europa.eu\/en\/mark\/aspects\/pdf\/4094enCV.pdf<\/a><br \/>\nDer Verhaltenskodex unterliegt dem jeweiligen nationalen Recht, im vorliegenden Fall dem deutschen Recht.<\/p>\n<p><b>EUIPO<\/b><br \/>\nEuropean Union Intellectual Property Office (EUIPO)<br \/>\nAvenida de Europa, 4<br \/>\nE-03008 Alicante<br \/>\nSpanien<br \/>\nTel.: +34 96 513 9100<br \/>\nFax: +34 96 513 1344<br \/>\nEmail: <a href=\"mailto:information@euipo.europa.eu\">information@euipo.europa.eu<\/a><br \/>\nWeb: <a href=\"http:\/\/euipo.europa.eu\">http:\/\/euipo.europa.eu<\/a><\/p>\n<p>&nbsp;<\/p>\n<p><u><b>ALLGEMEINE INFORMATIONSPFLICHT NACH \u00a7 36 VSBG (GESETZ ZUR ALTERNATIVEN STREITBEILEGUNG)<\/b><\/u><\/p>\n<p>Wir sind gesetzlich nicht verpflichtet, an einem alternativen Streitbeilegungsverfahren vor einer Verbraucherschlichtungsstelle teilzunehmen. Bitte haben Sie daher Verst\u00e4ndnis daf\u00fcr, dass wir die Teilnahme an einem solchen alternativen Streitbeilegungsverfahren grunds\u00e4tzlich ausschlie\u00dfen.<\/p>\n<p>&nbsp;<\/p>\n<p><u><b>BESCHR\u00c4NKTE BERUFSHAFTUNG DER PARTNERSCHAFT<\/b><\/u><\/p>\n<p>Als Patentanw\u00e4lte, die in der Rechtsform einer Partnerschaftsgesellschaft mit beschr\u00e4nkter Berufshaftung (PartG mbB) t\u00e4tig sind, sind wir gesetzlich verpflichtet, eine Berufshaftpflichtversicherung mit einer Mindestversicherungssumme von 2.500.000 EUR je Versicherungsfall zu unterhalten. Unsere Berufshaftpflichtversicherung erf\u00fcllt die gesetzlichen Anforderungen gem\u00e4\u00df <a href=\"https:\/\/www.gesetze-im-internet.de\/englisch_partgg\/englisch_partgg.html#p0045\">\u00a7 8 (4) Gesetz \u00fcber Partnerschaftsgesellschaften<\/a> und \u00a7 45a <a href=\"http:\/\/www.gesetze-im-internet.de\/patanwo\/\">Patentanwaltsordnung<\/a>.<\/p>\n<p>F\u00fcr Sch\u00e4den aus beruflichem Fehlverhalten haftet die Partnerschaft nur mit ihrem Gesellschaftsverm\u00f6gen. Die Gesellschafter haften nicht pers\u00f6nlich mit ihrem Privatverm\u00f6gen.<\/p>\n<p><b>VERSICHERUNG<\/b><br \/>\nNR. SV 74791453-333<br \/>\nERGO Versicherungs AG<br \/>\n40198 D\u00fcsseldorf<\/p>\n","protected":false},"excerpt":{"rendered":"<p>NAME DER ANWALTSKANZLEI KLUNKER IP Patentanw\u00e4lte PartG mbB Partnerschaftsgesellschaft mit beschr\u00e4nkter Berufshaftung REGISTER GERICHT Amtsgericht M\u00fcnchen, PR 1691 (Landgericht) PARTNER Dr. rer. nat. Volker Metzler, Dipl.-Inform. Anna Sophie Bogutzki, Dipl.-Ing. ADRESSE\u00a0 Lessingstr. 11 D-80336 M\u00fcnchen Deutschland KONTAKT Tel.: +49 89 2488 279\u00a0 0 Fax: +49 89 2488 279\u00a0 99 Email: [&#8230;] <\/p>\n","protected":false},"author":1,"featured_media":0,"parent":0,"menu_order":0,"comment_status":"closed","ping_status":"closed","template":"page-red-section.php","meta":{"_acf_changed":false,"footnotes":""},"acf":[],"_links":{"self":[{"href":"https:\/\/klunker-ip.com\/de\/wp-json\/wp\/v2\/pages\/2095"}],"collection":[{"href":"https:\/\/klunker-ip.com\/de\/wp-json\/wp\/v2\/pages"}],"about":[{"href":"https:\/\/klunker-ip.com\/de\/wp-json\/wp\/v2\/types\/page"}],"author":[{"embeddable":true,"href":"https:\/\/klunker-ip.com\/de\/wp-json\/wp\/v2\/users\/1"}],"replies":[{"embeddable":true,"href":"https:\/\/klunker-ip.com\/de\/wp-json\/wp\/v2\/comments?post=2095"}],"version-history":[{"count":18,"href":"https:\/\/klunker-ip.com\/de\/wp-json\/wp\/v2\/pages\/2095\/revisions"}],"predecessor-version":[{"id":3424,"href":"https:\/\/klunker-ip.com\/de\/wp-json\/wp\/v2\/pages\/2095\/revisions\/3424"}],"wp:attachment":[{"href":"https:\/\/klunker-ip.com\/de\/wp-json\/wp\/v2\/media?parent=2095"}],"curies":[{"name":"wp","href":"https:\/\/api.w.org\/{rel}","templated":true}]}}